{"id":6758,"date":"2021-01-28T09:26:47","date_gmt":"2021-01-28T17:26:47","guid":{"rendered":"https:\/\/winebc.com\/industry\/?page_id=6758"},"modified":"2021-02-19T16:43:45","modified_gmt":"2021-02-20T00:43:45","slug":"renee-safrata","status":"publish","type":"page","link":"https:\/\/winebc.com\/industry\/renee-safrata\/","title":{"rendered":"Ren\u00e9e Safrata"},"content":{"rendered":"<h3><strong><img loading=\"lazy\" decoding=\"async\" class=\" wp-image-6759 alignleft\" src=\"https:\/\/winebc.com\/industry\/wp-content\/uploads\/sites\/2\/2021\/01\/Renee-headshot-square.jpg\" alt=\"\" width=\"187\" height=\"187\" \/>Ren\u00e9e Safrata<\/strong><\/h3>\n<p><strong>CEO &amp; Founder, Vivo Team Development<\/strong><\/p>\n<p>Over the past 30+ years Ren\u00e9e has worked with thousands of companies and executives throughout North America and Europe, helping them to connect, adopt new behaviors, and become confident members of highly functioning teams.<\/p>\n<p>Human-connection and talent development are at the core of everything Ren\u00e9e touches. From one-on-one and team training, to speaking engagements, she clearly demonstrates how this philosophy of connection is what ultimately drives productivity and directly contributes to company results.<\/p>\n<p>Early on Ren\u00e9e recognized the ongoing shift and future demand for digital workplace learning and now has over 10 years experience leading a remote team and creating and delivering educating, entertaining, and unique virtual learning experiences.<\/p>\n<hr \/>\n<p><strong><em>Learn which power skills to focus on to build up and lead your team to embrace change.<\/em><\/strong><\/p>\n<p>Do you have what it takes to lead your team through change? Learn and discuss ways of staying connected and fostering open communication within the context of the 6 key indicators of leading an effective and efficient team.<\/p>\n<p>Especially important now with many dispersed and remote workforces, leading well-adjusted, high-performing teams is crucial to keeping your business moving forward. These skills will remain relevant to any team or working situation, creating a culture of navigating the future together.<\/p>\n<p><strong>Key Talking Points<\/strong><\/p>\n<ul>\n<li>Navigating critical soft-skills to decrease stress, overwhelm, and indecision<\/li>\n<li>Change breeds change, don\u2019t just rinse and repeat<\/li>\n<li>The fragile foundations of change and fear of job-insecurity<\/li>\n<li>Invest in Rest &#8211; understand the toll of change<\/li>\n<\/ul>\n<p><strong>Session Outcomes\/Takeaways<\/strong><\/p>\n<ul>\n<li>Practical tools to help connect blended home and office work teams<\/li>\n<li>Sharing knowledge and increasing motivation in just 10 minutes<\/li>\n<li>Techniques to drive performance in the face of change<\/li>\n<\/ul>\n<p><strong>\u00a0<\/strong><\/p>\n","protected":false},"excerpt":{"rendered":"<p>Ren\u00e9e Safrata CEO &amp; Founder, Vivo Team Development Over the past 30+ years Ren\u00e9e has worked with thousands of companies and executives throughout North America and Europe, helping them to&#8230;<\/p>\n","protected":false},"author":1,"featured_media":0,"parent":0,"menu_order":0,"comment_status":"closed","ping_status":"closed","template":"template-blank.php","meta":{"_acf_changed":false,"inline_featured_image":false,"footnotes":""},"class_list":["post-6758","page","type-page","status-publish","hentry"],"acf":[],"yoast_head":"<!-- This site is optimized with the Yoast SEO plugin v25.8 - https:\/\/yoast.com\/wordpress\/plugins\/seo\/ -->\n<title>Ren\u00e9e Safrata - Wine BC Industry<\/title>\n<meta name=\"robots\" content=\"index, follow, max-snippet:-1, max-image-preview:large, max-video-preview:-1\" \/>\n<link rel=\"canonical\" href=\"https:\/\/winebc.com\/industry\/renee-safrata\/\" \/>\n<meta property=\"og:locale\" content=\"en_US\" \/>\n<meta property=\"og:type\" content=\"article\" \/>\n<meta property=\"og:title\" content=\"Ren\u00e9e Safrata - Wine BC Industry\" \/>\n<meta property=\"og:description\" content=\"Ren\u00e9e Safrata CEO &amp; Founder, Vivo Team Development Over the past 30+ years Ren\u00e9e has worked with thousands of companies and executives throughout North America and Europe, helping them to...\" \/>\n<meta property=\"og:url\" content=\"https:\/\/winebc.com\/industry\/renee-safrata\/\" \/>\n<meta property=\"og:site_name\" content=\"Wine BC Industry\" \/>\n<meta property=\"article:modified_time\" content=\"2021-02-20T00:43:45+00:00\" \/>\n<meta property=\"og:image\" content=\"https:\/\/winebc.com\/industry\/wp-content\/uploads\/sites\/2\/2021\/01\/Renee-headshot-square.jpg\" \/>\n<meta name=\"twitter:card\" content=\"summary_large_image\" \/>\n<meta name=\"twitter:label1\" content=\"Est. reading time\" \/>\n\t<meta name=\"twitter:data1\" content=\"2 minutes\" \/>\n<script type=\"application\/ld+json\" class=\"yoast-schema-graph\">{\"@context\":\"https:\/\/schema.org\",\"@graph\":[{\"@type\":\"WebPage\",\"@id\":\"https:\/\/winebc.com\/industry\/renee-safrata\/\",\"url\":\"https:\/\/winebc.com\/industry\/renee-safrata\/\",\"name\":\"Ren\u00e9e Safrata - Wine BC Industry\",\"isPartOf\":{\"@id\":\"https:\/\/winebc.com\/industry\/#website\"},\"primaryImageOfPage\":{\"@id\":\"https:\/\/winebc.com\/industry\/renee-safrata\/#primaryimage\"},\"image\":{\"@id\":\"https:\/\/winebc.com\/industry\/renee-safrata\/#primaryimage\"},\"thumbnailUrl\":\"https:\/\/winebc.com\/industry\/wp-content\/uploads\/sites\/2\/2021\/01\/Renee-headshot-square.jpg\",\"datePublished\":\"2021-01-28T17:26:47+00:00\",\"dateModified\":\"2021-02-20T00:43:45+00:00\",\"breadcrumb\":{\"@id\":\"https:\/\/winebc.com\/industry\/renee-safrata\/#breadcrumb\"},\"inLanguage\":\"en-US\",\"potentialAction\":[{\"@type\":\"ReadAction\",\"target\":[\"https:\/\/winebc.com\/industry\/renee-safrata\/\"]}]},{\"@type\":\"ImageObject\",\"inLanguage\":\"en-US\",\"@id\":\"https:\/\/winebc.com\/industry\/renee-safrata\/#primaryimage\",\"url\":\"https:\/\/winebc.com\/industry\/wp-content\/uploads\/sites\/2\/2021\/01\/Renee-headshot-square.jpg\",\"contentUrl\":\"https:\/\/winebc.com\/industry\/wp-content\/uploads\/sites\/2\/2021\/01\/Renee-headshot-square.jpg\"},{\"@type\":\"BreadcrumbList\",\"@id\":\"https:\/\/winebc.com\/industry\/renee-safrata\/#breadcrumb\",\"itemListElement\":[{\"@type\":\"ListItem\",\"position\":1,\"name\":\"Home\",\"item\":\"https:\/\/winebc.com\/industry\/home\/\"},{\"@type\":\"ListItem\",\"position\":2,\"name\":\"Ren\u00e9e Safrata\"}]},{\"@type\":\"WebSite\",\"@id\":\"https:\/\/winebc.com\/industry\/#website\",\"url\":\"https:\/\/winebc.com\/industry\/\",\"name\":\"Wine BC Industry\",\"description\":\"WGBC Industry focused site\",\"potentialAction\":[{\"@type\":\"SearchAction\",\"target\":{\"@type\":\"EntryPoint\",\"urlTemplate\":\"https:\/\/winebc.com\/industry\/?s={search_term_string}\"},\"query-input\":{\"@type\":\"PropertyValueSpecification\",\"valueRequired\":true,\"valueName\":\"search_term_string\"}}],\"inLanguage\":\"en-US\"}]}<\/script>\n<!-- \/ Yoast SEO plugin. -->","yoast_head_json":{"title":"Ren\u00e9e Safrata - Wine BC Industry","robots":{"index":"index","follow":"follow","max-snippet":"max-snippet:-1","max-image-preview":"max-image-preview:large","max-video-preview":"max-video-preview:-1"},"canonical":"https:\/\/winebc.com\/industry\/renee-safrata\/","og_locale":"en_US","og_type":"article","og_title":"Ren\u00e9e Safrata - Wine BC Industry","og_description":"Ren\u00e9e Safrata CEO &amp; Founder, Vivo Team Development Over the past 30+ years Ren\u00e9e has worked with thousands of companies and executives throughout North America and Europe, helping them to...","og_url":"https:\/\/winebc.com\/industry\/renee-safrata\/","og_site_name":"Wine BC Industry","article_modified_time":"2021-02-20T00:43:45+00:00","og_image":[{"url":"https:\/\/winebc.com\/industry\/wp-content\/uploads\/sites\/2\/2021\/01\/Renee-headshot-square.jpg","type":"","width":"","height":""}],"twitter_card":"summary_large_image","twitter_misc":{"Est. reading time":"2 minutes"},"schema":{"@context":"https:\/\/schema.org","@graph":[{"@type":"WebPage","@id":"https:\/\/winebc.com\/industry\/renee-safrata\/","url":"https:\/\/winebc.com\/industry\/renee-safrata\/","name":"Ren\u00e9e Safrata - Wine BC Industry","isPartOf":{"@id":"https:\/\/winebc.com\/industry\/#website"},"primaryImageOfPage":{"@id":"https:\/\/winebc.com\/industry\/renee-safrata\/#primaryimage"},"image":{"@id":"https:\/\/winebc.com\/industry\/renee-safrata\/#primaryimage"},"thumbnailUrl":"https:\/\/winebc.com\/industry\/wp-content\/uploads\/sites\/2\/2021\/01\/Renee-headshot-square.jpg","datePublished":"2021-01-28T17:26:47+00:00","dateModified":"2021-02-20T00:43:45+00:00","breadcrumb":{"@id":"https:\/\/winebc.com\/industry\/renee-safrata\/#breadcrumb"},"inLanguage":"en-US","potentialAction":[{"@type":"ReadAction","target":["https:\/\/winebc.com\/industry\/renee-safrata\/"]}]},{"@type":"ImageObject","inLanguage":"en-US","@id":"https:\/\/winebc.com\/industry\/renee-safrata\/#primaryimage","url":"https:\/\/winebc.com\/industry\/wp-content\/uploads\/sites\/2\/2021\/01\/Renee-headshot-square.jpg","contentUrl":"https:\/\/winebc.com\/industry\/wp-content\/uploads\/sites\/2\/2021\/01\/Renee-headshot-square.jpg"},{"@type":"BreadcrumbList","@id":"https:\/\/winebc.com\/industry\/renee-safrata\/#breadcrumb","itemListElement":[{"@type":"ListItem","position":1,"name":"Home","item":"https:\/\/winebc.com\/industry\/home\/"},{"@type":"ListItem","position":2,"name":"Ren\u00e9e Safrata"}]},{"@type":"WebSite","@id":"https:\/\/winebc.com\/industry\/#website","url":"https:\/\/winebc.com\/industry\/","name":"Wine BC Industry","description":"WGBC Industry focused site","potentialAction":[{"@type":"SearchAction","target":{"@type":"EntryPoint","urlTemplate":"https:\/\/winebc.com\/industry\/?s={search_term_string}"},"query-input":{"@type":"PropertyValueSpecification","valueRequired":true,"valueName":"search_term_string"}}],"inLanguage":"en-US"}]}},"_links":{"self":[{"href":"https:\/\/winebc.com\/industry\/wp-json\/wp\/v2\/pages\/6758","targetHints":{"allow":["GET"]}}],"collection":[{"href":"https:\/\/winebc.com\/industry\/wp-json\/wp\/v2\/pages"}],"about":[{"href":"https:\/\/winebc.com\/industry\/wp-json\/wp\/v2\/types\/page"}],"author":[{"embeddable":true,"href":"https:\/\/winebc.com\/industry\/wp-json\/wp\/v2\/users\/1"}],"replies":[{"embeddable":true,"href":"https:\/\/winebc.com\/industry\/wp-json\/wp\/v2\/comments?post=6758"}],"version-history":[{"count":2,"href":"https:\/\/winebc.com\/industry\/wp-json\/wp\/v2\/pages\/6758\/revisions"}],"predecessor-version":[{"id":7033,"href":"https:\/\/winebc.com\/industry\/wp-json\/wp\/v2\/pages\/6758\/revisions\/7033"}],"wp:attachment":[{"href":"https:\/\/winebc.com\/industry\/wp-json\/wp\/v2\/media?parent=6758"}],"curies":[{"name":"wp","href":"https:\/\/api.w.org\/{rel}","templated":true}]}}